{"id":5,"date":"2019-03-25T09:55:27","date_gmt":"2019-03-25T09:55:27","guid":{"rendered":"http:\/\/www.patrikvajda.sk\/?p=5"},"modified":"2026-04-15T14:36:41","modified_gmt":"2026-04-15T14:36:41","slug":"custom-order","status":"publish","type":"page","link":"https:\/\/www.patrikvajda.sk\/?page_id=5","title":{"rendered":"O mne"},"content":{"rendered":"<h1>Patrik Vajda<\/h1>\n<h2>realitn\u00fd \u0161pecialista zameran\u00fd na pr\u00e9miov\u00e9 nehnute\u013enosti a v\u00fdsledky<\/h2>\n<div>\n<p>Pom\u00e1ham klientom pred\u00e1va\u0165, kupova\u0165 a investova\u0165 do nehnute\u013enost\u00ed s d\u00f4razom na maxim\u00e1lnu hodnotu a profesion\u00e1lny pr\u00edstup. Ka\u017ed\u00fd obchod riadim systematicky \u2014 od prezent\u00e1cie a marketingu a\u017e po bezpe\u010dn\u00e9 uzatvorenie transakcie. <a href=\"#\">Individu\u00e1lny pr\u00edstup<\/a> je z\u00e1kladom ka\u017edej spolupr\u00e1ce.<\/p>\n<p><\/p>\n<p>\nZameriavam sa na efekt\u00edvne rie\u0161enia, transparentn\u00fa komunik\u00e1ciu a dlhodob\u00e9 vz\u0165ahy s klientmi. Moj\u00edm cie\u013eom je, aby cel\u00fd proces prebehol hladko, bez stresu a s v\u00fdsledkom, ktor\u00fd prekon\u00e1 o\u010dak\u00e1vania.\n<\/p>\n<\/div>\n<h2>Moje sk\u00fasenosti<\/h2>\n<ul>\n<li>\n<h3>Real estate sales &#038; acquisitions<\/h3>\n<div>Predaj a k\u00fapa nehnute\u013enost\u00ed s d\u00f4razom na vyjedn\u00e1vanie ceny a maxim\u00e1lny v\u00fdnos.<\/div>\n<\/li>\n<li>\n<h3>Property marketing<\/h3>\n<div>Profesion\u00e1lna prezent\u00e1cia, cielen\u00e1 reklama a strat\u00e9gia na pril\u00e1kanie spr\u00e1vnych kupuj\u00facich.<\/div>\n<\/li>\n<li>\n<h3>Investment consulting<\/h3>\n<div>Vyh\u013ead\u00e1vanie investi\u010dn\u00fdch pr\u00edle\u017eitost\u00ed a optimaliz\u00e1cia v\u00fdnosov z nehnute\u013enost\u00ed.<\/div>\n<\/li>\n<li>\n<h3>Client representation<\/h3>\n<div>Zastupovanie klienta po\u010das cel\u00e9ho procesu s d\u00f4razom na bezpe\u010dnos\u0165 a transparentnos\u0165.<\/div>\n<\/li>\n<\/ul>\n<p><img decoding=\"async\" src=\"\/wp-content\/uploads\/2026\/03\/signature.png\" alt=\"\"><\/p>\n<h5>Patrik Vajda<br \/>\nkonate\u013e<\/h5>\n<p><!--more--><br \/>\n<!-- {\"type\":\"layout\",\"children\":[{\"name\":\"About\",\"type\":\"section\",\"props\":{\"image_position\":\"center-center\",\"padding_bottom\":\"none\",\"padding_remove_top\":true,\"padding_top\":\"none\",\"style\":\"default\",\"title_breakpoint\":\"xl\",\"title_position\":\"top-left\",\"title_rotation\":\"left\",\"vertical_align\":\"\",\"width\":\"\"},\"children\":[{\"type\":\"row\",\"props\":{\"column_gap\":\"large\",\"layout\":\"1-2,1-2\",\"row_gap\":\"large\"},\"children\":[{\"type\":\"column\",\"props\":{\"image_position\":\"center-center\",\"padding\":\"none\",\"position_sticky_breakpoint\":\"m\",\"style\":\"card-secondary\",\"video\":\"wp-content\\\/uploads\\\/2026\\\/03\\\/grok-video-519da5a9-1f67-4bfb-9834-ea1dbd0a2742-2.mp4\",\"width_medium\":\"1-2\"}},{\"type\":\"column\",\"props\":{\"image_position\":\"center-center\",\"padding\":\"xlarge\",\"position_sticky_breakpoint\":\"m\",\"style\":\"tile-default\",\"width_medium\":\"1-2\"},\"children\":[{\"type\":\"headline\",\"props\":{\"content\":\"Patrik Vajda\",\"image_align\":\"left\",\"image_margin\":\"xsmall\",\"margin_bottom\":\"medium\",\"margin_top\":\"medium\",\"title_element\":\"h1\",\"title_font_family\":\"default\",\"title_style\":\"heading-xlarge\"}},{\"type\":\"headline\",\"props\":{\"content\":\"realitn\\u00fd \\u0161pecialista zameran\\u00fd na pr\\u00e9miov\\u00e9 nehnute\\u013enosti a v\\u00fdsledky\",\"image_align\":\"left\",\"image_margin\":\"xsmall\",\"margin_bottom\":\"large\",\"margin_top\":\"remove\",\"maxwidth\":\"2xlarge\",\"title_element\":\"h2\"}},{\"type\":\"text\",\"props\":{\"column_breakpoint\":\"m\",\"content\":\"\n\n<p>Pom\\u00e1ham klientom pred\\u00e1va\\u0165, kupova\\u0165 a investova\\u0165 do nehnute\\u013enost\\u00ed s d\\u00f4razom na maxim\\u00e1lnu hodnotu a profesion\\u00e1lny pr\\u00edstup. Ka\\u017ed\\u00fd obchod riadim systematicky \\u2014 od prezent\\u00e1cie a marketingu a\\u017e po bezpe\\u010dn\\u00e9 uzatvorenie transakcie. <a href=\\\"#\\\">Individu\\u00e1lny pr\\u00edstup<\\\/a> je z\\u00e1kladom ka\\u017edej spolupr\\u00e1ce.<\\\/p>\\n<br \/>\\n\n\n<p>\\nZameriavam sa na efekt\\u00edvne rie\\u0161enia, transparentn\\u00fa komunik\\u00e1ciu a dlhodob\\u00e9 vz\\u0165ahy s klientmi. Moj\\u00edm cie\\u013eom je, aby cel\\u00fd proces prebehol hladko, bez stresu a s v\\u00fdsledkom, ktor\\u00fd prekon\\u00e1 o\\u010dak\\u00e1vania.\\n<\\\/p>\",\"margin\":\"default\",\"margin_bottom\":\"medium\",\"margin_top\":\"medium\",\"maxwidth\":\"2xlarge\"}},{\"type\":\"headline\",\"props\":{\"content\":\"Moje sk\\u00fasenosti\",\"image_align\":\"left\",\"image_margin\":\"xsmall\",\"margin_bottom\":\"remove\",\"margin_top\":\"xlarge\",\"title_element\":\"h2\"}},{\"type\":\"description_list\",\"props\":{\"column_breakpoint\":\"m\",\"layout\":\"grid-2\",\"list_element\":\"ul\",\"list_size\":\"large\",\"list_style\":\"divider\",\"margin_bottom\":\"large\",\"margin_top\":\"large\",\"maxwidth\":\"2xlarge\",\"meta_align\":\"below-title\",\"meta_style\":\"text-meta\",\"show_content\":true,\"show_link\":true,\"show_meta\":true,\"show_title\":true,\"title_element\":\"div\",\"title_grid_breakpoint\":\"xl\",\"title_grid_column_gap\":\"\",\"title_grid_row_gap\":\"\",\"title_grid_width\":\"medium\"},\"children\":[{\"type\":\"description_list_item\",\"props\":{\"content\":\"Predaj a k\\u00fapa nehnute\\u013enost\\u00ed s d\\u00f4razom na vyjedn\\u00e1vanie ceny a maxim\\u00e1lny v\\u00fdnos.\",\"meta\":\"\",\"title\":\"Real estate sales & acquisitions\"}},{\"type\":\"description_list_item\",\"props\":{\"content\":\"Profesion\\u00e1lna prezent\\u00e1cia, cielen\\u00e1 reklama a strat\\u00e9gia na pril\\u00e1kanie spr\\u00e1vnych kupuj\\u00facich.\",\"meta\":\"\",\"title\":\"Property marketing\"}},{\"type\":\"description_list_item\",\"props\":{\"content\":\"Vyh\\u013ead\\u00e1vanie investi\\u010dn\\u00fdch pr\\u00edle\\u017eitost\\u00ed a optimaliz\\u00e1cia v\\u00fdnosov z nehnute\\u013enost\\u00ed.\",\"meta\":\"\",\"title\":\"Investment consulting\"}},{\"type\":\"description_list_item\",\"props\":{\"content\":\"Zastupovanie klienta po\\u010das cel\\u00e9ho procesu s d\\u00f4razom na bezpe\\u010dnos\\u0165 a transparentnos\\u0165.\",\"meta\":\"\",\"title\":\"Client representation\"}}]},{\"type\":\"image\",\"props\":{\"image\":\"wp-content\\\/uploads\\\/2026\\\/03\\\/signature.png\",\"image_svg_color\":\"emphasis\",\"image_width\":400,\"margin\":\"xlarge\",\"margin_remove_bottom\":true,\"text_align\":\"center\"}},{\"type\":\"headline\",\"props\":{\"content\":\"Patrik Vajda<br \/>\\nkonate\\u013e\",\"image_align\":\"left\",\"image_margin\":\"xsmall\",\"margin\":\"remove-vertical\",\"margin_bottom\":\"remove\",\"margin_remove_top\":true,\"margin_top\":\"xlarge\",\"position_left\":\"-180\",\"text_align\":\"center\",\"title_decoration\":\"line\",\"title_element\":\"h5\",\"title_font_family\":\"default\"}}]}]}]},{\"name\":\"About\",\"type\":\"section\",\"props\":{\"image_position\":\"center-center\",\"padding_bottom\":\"none\",\"padding_remove_top\":true,\"padding_top\":\"none\",\"status\":\"disabled\",\"style\":\"default\",\"title_breakpoint\":\"xl\",\"title_position\":\"top-left\",\"title_rotation\":\"left\",\"vertical_align\":\"\",\"width\":\"\"},\"children\":[{\"type\":\"row\",\"props\":{\"column_gap\":\"large\",\"layout\":\"1-2,1-2\",\"row_gap\":\"large\"},\"children\":[{\"type\":\"column\",\"props\":{\"image_position\":\"center-center\",\"padding\":\"none\",\"position_sticky_breakpoint\":\"m\",\"style\":\"tile-secondary\",\"width_medium\":\"1-2\"},\"children\":[{\"type\":\"image\",\"props\":{\"image\":\"wp-content\\\/uploads\\\/2026\\\/03\\\/vajdai.png\",\"image_height\":\"2480\",\"image_loading\":true,\"image_svg_color\":\"emphasis\",\"image_width\":\"1400\",\"margin\":\"default\",\"margin_bottom\":\"default\",\"margin_top\":\"default\"}}]},{\"type\":\"column\",\"props\":{\"image_position\":\"center-center\",\"position_sticky_breakpoint\":\"m\",\"style\":\"tile-default\",\"width_medium\":\"1-2\"},\"children\":[{\"type\":\"headline\",\"props\":{\"content\":\"About\",\"image_align\":\"left\",\"image_margin\":\"xsmall\",\"margin_bottom\":\"medium\",\"margin_top\":\"medium\",\"title_element\":\"h1\",\"title_style\":\"heading-xlarge\"}},{\"type\":\"headline\",\"props\":{\"content\":\"I am a photographer and director based in Los Angeles\",\"image_align\":\"left\",\"image_margin\":\"xsmall\",\"margin_bottom\":\"large\",\"margin_top\":\"remove\",\"maxwidth\":\"2xlarge\",\"title_element\":\"h2\"}},{\"type\":\"text\",\"props\":{\"column_breakpoint\":\"m\",\"content\":\"\n\n<p>Lorem ipsum dolor sit amet, consetetur sadipscing elitr, sed diam nonumy eirmod tempor invidunt ut labore et dolore magna aliquyam erat, sed diam voluptua. At vero eos et accusam et justo duo dolores et ea rebum. <a href=\\\"#\\\">Stet clita<\\\/a> kasd gubergren, no sea takimata sanctus est Lorem ipsum dolor sit amet. Lorem ipsum dolor sit amet, consetetur sadipscing elitr at vero eos et accusam et.<\\\/p>\\n<br \/>\\n\n\n<p>At vero eos et accusam et justo duo dolores et ea rebum. Stet clita kasd gubergren, no sea takimata sanctus est Lorem ipsum dolor sit amet. Lorem ipsum dolor sit amet.<\\\/p>\",\"margin\":\"default\",\"margin_bottom\":\"medium\",\"margin_top\":\"medium\",\"maxwidth\":\"2xlarge\"}},{\"type\":\"headline\",\"props\":{\"content\":\"My experiences\",\"image_align\":\"left\",\"image_margin\":\"xsmall\",\"margin_bottom\":\"remove\",\"margin_top\":\"xlarge\",\"title_element\":\"h2\"}},{\"type\":\"description_list\",\"props\":{\"column_breakpoint\":\"m\",\"layout\":\"grid-2\",\"list_element\":\"ul\",\"list_size\":\"large\",\"list_style\":\"divider\",\"margin_bottom\":\"large\",\"margin_top\":\"large\",\"maxwidth\":\"2xlarge\",\"meta_align\":\"below-title\",\"meta_style\":\"text-meta\",\"show_content\":true,\"show_link\":true,\"show_meta\":true,\"show_title\":true,\"title_element\":\"div\",\"title_grid_breakpoint\":\"xl\",\"title_grid_column_gap\":\"\",\"title_grid_row_gap\":\"\",\"title_grid_width\":\"medium\"},\"children\":[{\"type\":\"description_list_item\",\"props\":{\"content\":\"Lorem ipsum dolor sit amet, consetetur sadipscing elitr, sed diam nonumy eirmod tempor invidunt ut labore et dolore magna aliquyam erat, sed diam voluptua.\",\"meta\":\"2015 - 2017\",\"title\":\"Freelance photographer\"}},{\"type\":\"description_list_item\",\"props\":{\"content\":\"Lorem ipsum dolor sit amet, consetetur sadipscing elitr, sed diam nonumy eirmod tempor invidunt ut labore et dolore magna aliquyam erat, sed diam voluptua. At vero eos et accusam et justo duo dolores et ea rebum.\",\"meta\":\"2005 - 2015\",\"title\":\"Photojournalist\"}},{\"type\":\"description_list_item\",\"props\":{\"content\":\"Lorem ipsum dolor sit amet, consetetur sadipscing elitr, sed diam nonumy eirmod tempor invidunt\",\"meta\":\"2002 - 2005\",\"title\":\"Education\"}}]},{\"type\":\"headline\",\"props\":{\"content\":\"Awards\",\"image_align\":\"left\",\"image_margin\":\"xsmall\",\"margin_bottom\":\"remove\",\"margin_top\":\"xlarge\",\"title_element\":\"h2\"}},{\"type\":\"description_list\",\"props\":{\"column_breakpoint\":\"m\",\"layout\":\"grid-2\",\"list_element\":\"ul\",\"margin_bottom\":\"large\",\"margin_top\":\"large\",\"meta_align\":\"below-content\",\"meta_style\":\"text-meta\",\"show_content\":true,\"show_link\":true,\"show_meta\":true,\"show_title\":true,\"title_element\":\"div\",\"title_grid_breakpoint\":\"s\",\"title_grid_column_gap\":\"small\",\"title_grid_row_gap\":\"small\",\"title_grid_width\":\"medium\"},\"children\":[{\"type\":\"description_list_item\",\"props\":{\"content\":\"Gold\",\"title\":\"Photography award 2017:\"}},{\"type\":\"description_list_item\",\"props\":{\"content\":\"Honorable mention\",\"title\":\"Photography award 2011:\"}},{\"type\":\"description_list_item\",\"props\":{\"content\":\"Platinum\",\"title\":\"Motion photography 2010:\"}}]},{\"type\":\"headline\",\"props\":{\"content\":\"Stalk me\",\"image_align\":\"left\",\"image_margin\":\"xsmall\",\"margin_bottom\":\"remove\",\"margin_top\":\"xlarge\",\"title_element\":\"h2\"}},{\"type\":\"button\",\"props\":{\"grid_column_gap\":\"\",\"grid_row_gap\":\"\",\"margin\":\"default\",\"margin_bottom\":\"medium\",\"margin_top\":\"medium\"},\"children\":[{\"type\":\"button_item\",\"props\":{\"button_style\":\"link-text\",\"content\":\"500px\",\"dialog_layout\":\"modal\",\"dialog_offcanvas_flip\":true,\"icon_align\":\"left\",\"link\":\"https:\\\/\\\/500px.com\",\"link_target\":true}},{\"type\":\"button_item\",\"props\":{\"button_style\":\"link-text\",\"content\":\"Instagram\",\"dialog_layout\":\"modal\",\"dialog_offcanvas_flip\":true,\"icon_align\":\"left\",\"link\":\"https:\\\/\\\/www.instagram.com\\\/\"}},{\"type\":\"button_item\",\"props\":{\"button_style\":\"link-text\",\"content\":\"Facebook\",\"dialog_layout\":\"modal\",\"dialog_offcanvas_flip\":true,\"icon_align\":\"left\",\"link\":\"https:\\\/\\\/de-de.facebook.com\\\/\",\"link_target\":true}}]}]}]}]},{\"type\":\"section\",\"props\":{\"header_transparent\":true,\"header_transparent_noplaceholder\":true,\"header_transparent_text_color\":\"dark\",\"image_position\":\"center-center\",\"overlap\":false,\"padding\":\"none\",\"status\":\"disabled\",\"style\":\"primary\",\"title_breakpoint\":\"xl\",\"title_position\":\"top-left\",\"title_rotation\":\"left\",\"vertical_align\":\"\",\"width\":\"default\"},\"children\":[{\"type\":\"row\",\"children\":[{\"type\":\"column\",\"props\":{\"image_position\":\"center-center\",\"position_sticky_breakpoint\":\"m\",\"width_medium\":\"1-1\"},\"children\":[{\"type\":\"image\",\"props\":{\"image\":\"wp-content\\\/uploads\\\/yootheme\\\/custom-order-hero.png\",\"image_svg_color\":\"emphasis\",\"image_width\":\"1000\",\"margin\":\"default\",\"text_align\":\"center\"}}]}]}],\"name\":\"Hero\"}],\"version\":\"4.5.8\"} --><\/p>\n","protected":false},"excerpt":{"rendered":"<p>Patrik Vajda realitn\u00fd \u0161pecialista zameran\u00fd na pr\u00e9miov\u00e9 nehnute\u013enosti a v\u00fdsledky Pom\u00e1ham klientom pred\u00e1va\u0165, kupova\u0165 a investova\u0165 do nehnute\u013enost\u00ed s d\u00f4razom na maxim\u00e1lnu hodnotu a profesion\u00e1lny pr\u00edstup. Ka\u017ed\u00fd obchod riadim systematicky \u2014 od prezent\u00e1cie a marketingu a\u017e po bezpe\u010dn\u00e9 uzatvorenie transakcie. Individu\u00e1lny pr\u00edstup je z\u00e1kladom ka\u017edej spolupr\u00e1ce. Zameriavam sa na efekt\u00edvne rie\u0161enia, transparentn\u00fa komunik\u00e1ciu a dlhodob\u00e9 [&hellip;]<\/p>\n","protected":false},"author":1,"featured_media":0,"parent":0,"menu_order":5,"comment_status":"closed","ping_status":"closed","template":"","meta":{"_acf_changed":false,"footnotes":""},"class_list":["post-5","page","type-page","status-publish","hentry"],"acf":[],"_links":{"self":[{"href":"https:\/\/www.patrikvajda.sk\/index.php?rest_route=\/wp\/v2\/pages\/5","targetHints":{"allow":["GET"]}}],"collection":[{"href":"https:\/\/www.patrikvajda.sk\/index.php?rest_route=\/wp\/v2\/pages"}],"about":[{"href":"https:\/\/www.patrikvajda.sk\/index.php?rest_route=\/wp\/v2\/types\/page"}],"author":[{"embeddable":true,"href":"https:\/\/www.patrikvajda.sk\/index.php?rest_route=\/wp\/v2\/users\/1"}],"replies":[{"embeddable":true,"href":"https:\/\/www.patrikvajda.sk\/index.php?rest_route=%2Fwp%2Fv2%2Fcomments&post=5"}],"version-history":[{"count":18,"href":"https:\/\/www.patrikvajda.sk\/index.php?rest_route=\/wp\/v2\/pages\/5\/revisions"}],"predecessor-version":[{"id":3253,"href":"https:\/\/www.patrikvajda.sk\/index.php?rest_route=\/wp\/v2\/pages\/5\/revisions\/3253"}],"wp:attachment":[{"href":"https:\/\/www.patrikvajda.sk\/index.php?rest_route=%2Fwp%2Fv2%2Fmedia&parent=5"}],"curies":[{"name":"wp","href":"https:\/\/api.w.org\/{rel}","templated":true}]}}