{"id":2884,"date":"2025-08-19T13:37:36","date_gmt":"2025-08-19T13:37:36","guid":{"rendered":"https:\/\/www.patrikvajda.sk\/?post_type=product&#038;p=2884"},"modified":"2025-08-28T17:12:46","modified_gmt":"2025-08-28T17:12:46","slug":"na-predaj-novostavba-3-izbovy-rodinny-dom-v-obci-cechy","status":"publish","type":"product","link":"https:\/\/www.patrikvajda.sk\/?product=na-predaj-novostavba-3-izbovy-rodinny-dom-v-obci-cechy","title":{"rendered":"Na predaj novostavba 3-izbov\u00fd rodinn\u00fd dom v obci \u010cechy"},"content":{"rendered":"<p>Reality na k\u013e\u00fa\u010d V\u00e1m pon\u00faka na predaj novostavbu 3-izbov\u00fd rodinn\u00fd dom v obci \u010cechy.<\/p>\n<p>Aktu\u00e1lny stav nehnute\u013enosti na fotografi\u00e1ch: 13.06.2025<\/p>\n<p>Okrem tejto nehnute\u013enosti m\u00e1te na v\u00fdber aj \u010fal\u0161ie 4 pozemky v obci \u010cechy. Ak V\u00e1m neposta\u010duje 3-izbov\u00fd rodinn\u00fd dom, pon\u00fakame mo\u017enos\u0165 v\u00fdstavby 4-izbov\u00e9ho domu pod\u013ea Va\u0161ich predst\u00e1v.<\/p>\n<p>Rodinn\u00fd dom<br \/>\nDom je postaven\u00fd z p\u00e1lenej tehly a zateplen\u00fd polystyr\u00e9nom (20 cm). Zastavan\u00e1 plocha domu je 93 m\u00b2. Vykurovanie je zabezpe\u010den\u00e9 elektrick\u00fdm podlahov\u00fdm k\u00faren\u00edm s termostatmi a je pripraven\u00e1 predpr\u00edprava na krb. Taktie\u017e je k dispoz\u00edcii predpr\u00edprava na fotovoltaiku. S\u00fa\u010das\u0165ou vybavenia je na mieru vyroben\u00e1 kuchynsk\u00e1 linka so vstavan\u00fdmi spotrebi\u010dmi: elektrick\u00e1 r\u00fara, varn\u00e1 doska, digestor, um\u00fdva\u010dka riadu a chladni\u010dka s mrazni\u010dkou.<\/p>\n<p>Dispoz\u00edcia<br \/>\nDom pozost\u00e1va zo: vstupnej chodby, technickej miestnosti, samostatnej toalety, k\u00fape\u013ene so sprchov\u00fdm k\u00fatom a toaletou, 2 izieb, kuchyne spojenou s ob\u00fdvacou miestnos\u0165ou.<\/p>\n<p>Pozemok<br \/>\nRozloha pozemku je 590m\u00b2, s rozmermi 13 m \u00d7 43 m. In\u017einierske siete: voda, elektrina a \u017eumpa. Pr\u00edstup je zabezpe\u010den\u00fd asfaltovou cestou. Mo\u017enos\u0165 dok\u00fapi\u0165 z\u00e1hradu za pozemkom od 439m2, 900m2 a\u017e do 2291m2.<\/p>\n<p>Lokalita<br \/>\nV obci sa nach\u00e1dza obecn\u00fd \u00farad, Coop Jednota, kr\u010dma, tenisov\u00fd kurt, futbalov\u00e9 ihrisko, rybn\u00edk, ran\u010d a ly\u017eiarsky vlek. Pre lokalitu je typick\u00e9 vin\u00e1rstvo a cyklotrasy.<br \/>\nObec \u010cechy sa nach\u00e1dza: 9km od Podh\u00e1jskej, 13km od Dvorov nad \u017ditavou, 22,5km od Nov\u00fdch Z\u00e1mkov, 31 km od \u0160urian, 34 km od Komo\u010di, 40km od Lev\u00edc, 40km od Vr\u00e1biel a 58km od Nitry.<br \/>\nV okol\u00ed sa nach\u00e1dzaj\u00fa term\u00e1lne k\u00fapalisk\u00e1 Nov\u00e9 Z\u00e1mky, Podhajsk\u00e1 a Santovka.<\/p>\n<p>Cena<br \/>\nCena rodinn\u00e9ho domu s pozemku v stave holodomu je 134 000\u20ac.<br \/>\nCena rodinn\u00e9ho domu s pozemku v stave na k\u013e\u00fa\u010d je 154 000\u20ac.<\/p>\n","protected":false},"excerpt":{"rendered":"<p>Reality na k\u013e\u00fa\u010d V\u00e1m pon\u00faka na predaj novostavbu 3-izbov\u00fd rodinn\u00fd dom v obci \u010cechy. Aktu\u00e1lny stav nehnute\u013enosti na fotografi\u00e1ch: 13.06.2025 Okrem tejto nehnute\u013enosti m\u00e1te na v\u00fdber aj \u010fal\u0161ie 4 pozemky v obci \u010cechy. Ak V\u00e1m neposta\u010duje 3-izbov\u00fd rodinn\u00fd dom, pon\u00fakame mo\u017enos\u0165 v\u00fdstavby 4-izbov\u00e9ho domu pod\u013ea Va\u0161ich predst\u00e1v. Rodinn\u00fd dom Dom je postaven\u00fd z p\u00e1lenej tehly [&hellip;]<\/p>\n","protected":false},"featured_media":2889,"comment_status":"closed","ping_status":"closed","template":"","meta":{"_acf_changed":false},"pa_colors":[],"pa_sizes":[],"product_brand":[],"product_cat":[15],"product_tag":[],"class_list":{"0":"post-2884","1":"product","2":"type-product","3":"status-publish","4":"has-post-thumbnail","6":"product_cat-uncategorized","8":"first","9":"instock","10":"featured","11":"taxable","12":"shipping-taxable","13":"purchasable","14":"product-type-simple"},"acf":[],"_links":{"self":[{"href":"https:\/\/www.patrikvajda.sk\/index.php?rest_route=\/wp\/v2\/product\/2884","targetHints":{"allow":["GET"]}}],"collection":[{"href":"https:\/\/www.patrikvajda.sk\/index.php?rest_route=\/wp\/v2\/product"}],"about":[{"href":"https:\/\/www.patrikvajda.sk\/index.php?rest_route=\/wp\/v2\/types\/product"}],"replies":[{"embeddable":true,"href":"https:\/\/www.patrikvajda.sk\/index.php?rest_route=%2Fwp%2Fv2%2Fcomments&post=2884"}],"wp:featuredmedia":[{"embeddable":true,"href":"https:\/\/www.patrikvajda.sk\/index.php?rest_route=\/wp\/v2\/media\/2889"}],"wp:attachment":[{"href":"https:\/\/www.patrikvajda.sk\/index.php?rest_route=%2Fwp%2Fv2%2Fmedia&parent=2884"}],"wp:term":[{"taxonomy":"pa_color","embeddable":true,"href":"https:\/\/www.patrikvajda.sk\/index.php?rest_route=%2Fwp%2Fv2%2Fpa_colors&post=2884"},{"taxonomy":"pa_size","embeddable":true,"href":"https:\/\/www.patrikvajda.sk\/index.php?rest_route=%2Fwp%2Fv2%2Fpa_sizes&post=2884"},{"taxonomy":"product_brand","embeddable":true,"href":"https:\/\/www.patrikvajda.sk\/index.php?rest_route=%2Fwp%2Fv2%2Fproduct_brand&post=2884"},{"taxonomy":"product_cat","embeddable":true,"href":"https:\/\/www.patrikvajda.sk\/index.php?rest_route=%2Fwp%2Fv2%2Fproduct_cat&post=2884"},{"taxonomy":"product_tag","embeddable":true,"href":"https:\/\/www.patrikvajda.sk\/index.php?rest_route=%2Fwp%2Fv2%2Fproduct_tag&post=2884"}],"curies":[{"name":"wp","href":"https:\/\/api.w.org\/{rel}","templated":true}]}}