{"id":2926,"date":"2025-08-19T13:45:51","date_gmt":"2025-08-19T13:45:51","guid":{"rendered":"https:\/\/www.patrikvajda.sk\/?post_type=product&#038;p=2926"},"modified":"2025-08-28T16:12:11","modified_gmt":"2025-08-28T16:12:11","slug":"na-predaj-velky-stavebny-pozemok-v-obci-cechy","status":"publish","type":"product","link":"https:\/\/www.patrikvajda.sk\/?product=na-predaj-velky-stavebny-pozemok-v-obci-cechy","title":{"rendered":"Na predaj ve\u013ek\u00fd stavebn\u00fd pozemok v obci \u010cechy"},"content":{"rendered":"<p>Reality na k\u013e\u00fa\u010d V\u00e1m iba u n\u00e1s pon\u00faka na predaj ve\u013ek\u00fd stavebn\u00fd pozemok v obci \u010cechy.<\/p>\n<p>Rozloha pozemku je 1 595 m\u00b2. \u0160\u00edrka sa pohybuje od 16 do 18 metrov a d\u013a\u017eka je 100 metrov. K pozemku vedie asfaltov\u00e1 pr\u00edjazdov\u00e1 cesta a pri pozemku sa nach\u00e1dzaj\u00fa in\u017einierske siete \u2013 elektrina a voda. Pozemok je slne\u010dn\u00fd, nach\u00e1dza sa na kopci s kr\u00e1snym v\u00fdh\u013eadom na dedinu. Lokalita je tich\u00e1, s ve\u013emi dobr\u00fdmi susedsk\u00fdmi vz\u0165ahmi a n\u00e1dhernou okolitou pr\u00edrodou.<\/p>\n<p>V obci sa nach\u00e1dza obecn\u00fd \u00farad, predaj\u0148a Coop Jednota, kr\u010dma, tenisov\u00fd kurt, futbalov\u00e9 ihrisko, rybn\u00edk, ran\u010d a ly\u017eiarsky vlek. Lokalita je zn\u00e1ma vin\u00e1rstvom a pon\u00faka viacero cyklotr\u00e1s.<br \/>\nObec \u010cechy sa nach\u00e1dza 9 km od Podh\u00e1jskej, 13 km od Dvorov nad \u017ditavou, 22,5 km od Nov\u00fdch Z\u00e1mkov, 31 km od \u0160urian, 34 km od Komo\u010de, 40 km od Lev\u00edc, 40 km od Vr\u00e1be\u013e a 58 km od Nitry. V okol\u00ed sa nach\u00e1dzaj\u00fa term\u00e1lne k\u00fapalisk\u00e1 Nov\u00e9 Z\u00e1mky, Podh\u00e1jska a Santovka. \u010eal\u0161ie mo\u017enosti oddychu pon\u00faka rekrea\u010dn\u00e1 pl\u00e1\u017e O\u00c1ZA CAMP Komo\u010da, kde si m\u00f4\u017eete u\u017ei\u0165 pl\u00e1vanie, \u010dlnkovanie, k\u00fapanie, rybolov \u010di \u00fa\u010das\u0165 na gastrofestivaloch, kult\u00farnych, \u0161portov\u00fdch a hudobn\u00fdch podujatiach.<\/p>\n<p>Cena pozemku je 36 000\u20ac.<\/p>\n","protected":false},"excerpt":{"rendered":"<p>Reality na k\u013e\u00fa\u010d V\u00e1m iba u n\u00e1s pon\u00faka na predaj ve\u013ek\u00fd stavebn\u00fd pozemok v obci \u010cechy. Rozloha pozemku je 1 595 m\u00b2. \u0160\u00edrka sa pohybuje od 16 do 18 metrov a d\u013a\u017eka je 100 metrov. K pozemku vedie asfaltov\u00e1 pr\u00edjazdov\u00e1 cesta a pri pozemku sa nach\u00e1dzaj\u00fa in\u017einierske siete \u2013 elektrina a voda. Pozemok je slne\u010dn\u00fd, [&hellip;]<\/p>\n","protected":false},"featured_media":2927,"comment_status":"closed","ping_status":"closed","template":"","meta":{"_acf_changed":false},"pa_colors":[],"pa_sizes":[],"product_brand":[],"product_cat":[15],"product_tag":[],"class_list":{"0":"post-2926","1":"product","2":"type-product","3":"status-publish","4":"has-post-thumbnail","6":"product_cat-uncategorized","8":"first","9":"instock","10":"taxable","11":"shipping-taxable","12":"purchasable","13":"product-type-simple"},"acf":[],"_links":{"self":[{"href":"https:\/\/www.patrikvajda.sk\/index.php?rest_route=\/wp\/v2\/product\/2926","targetHints":{"allow":["GET"]}}],"collection":[{"href":"https:\/\/www.patrikvajda.sk\/index.php?rest_route=\/wp\/v2\/product"}],"about":[{"href":"https:\/\/www.patrikvajda.sk\/index.php?rest_route=\/wp\/v2\/types\/product"}],"replies":[{"embeddable":true,"href":"https:\/\/www.patrikvajda.sk\/index.php?rest_route=%2Fwp%2Fv2%2Fcomments&post=2926"}],"wp:featuredmedia":[{"embeddable":true,"href":"https:\/\/www.patrikvajda.sk\/index.php?rest_route=\/wp\/v2\/media\/2927"}],"wp:attachment":[{"href":"https:\/\/www.patrikvajda.sk\/index.php?rest_route=%2Fwp%2Fv2%2Fmedia&parent=2926"}],"wp:term":[{"taxonomy":"pa_color","embeddable":true,"href":"https:\/\/www.patrikvajda.sk\/index.php?rest_route=%2Fwp%2Fv2%2Fpa_colors&post=2926"},{"taxonomy":"pa_size","embeddable":true,"href":"https:\/\/www.patrikvajda.sk\/index.php?rest_route=%2Fwp%2Fv2%2Fpa_sizes&post=2926"},{"taxonomy":"product_brand","embeddable":true,"href":"https:\/\/www.patrikvajda.sk\/index.php?rest_route=%2Fwp%2Fv2%2Fproduct_brand&post=2926"},{"taxonomy":"product_cat","embeddable":true,"href":"https:\/\/www.patrikvajda.sk\/index.php?rest_route=%2Fwp%2Fv2%2Fproduct_cat&post=2926"},{"taxonomy":"product_tag","embeddable":true,"href":"https:\/\/www.patrikvajda.sk\/index.php?rest_route=%2Fwp%2Fv2%2Fproduct_tag&post=2926"}],"curies":[{"name":"wp","href":"https:\/\/api.w.org\/{rel}","templated":true}]}}