{"id":2932,"date":"2025-08-19T13:48:28","date_gmt":"2025-08-19T13:48:28","guid":{"rendered":"https:\/\/www.patrikvajda.sk\/?post_type=product&#038;p=2932"},"modified":"2025-09-16T12:55:05","modified_gmt":"2025-09-16T12:55:05","slug":"na-predaj-velky-stavebny-pozemok-v-obci-semerovo","status":"publish","type":"product","link":"https:\/\/www.patrikvajda.sk\/?product=na-predaj-velky-stavebny-pozemok-v-obci-semerovo","title":{"rendered":"Na predaj stavebn\u00fd pozemok v obci Semerovo"},"content":{"rendered":"<p>Reality na k\u013e\u00fa\u010d V\u00e1m iba u n\u00e1s pon\u00faka na predaj ve\u013ek\u00fd stavebn\u00fd pozemok v obci Semerovo.<\/p>\n<p>Pozemok m\u00e1 rozlohu 1 200 m\u00b2, pri\u010dom \u0161\u00edrka sa pohybuje od 18 do 20 metrov a d\u013a\u017eka od 65 do 75 metrov. Vedie k nemu asfaltov\u00e1 pr\u00edjazdov\u00e1 cesta a pri pozemku sa nach\u00e1dzaj\u00fa in\u017einierske siete \u2013 elektrina, plyn a voda. Ide o slne\u010dn\u00fd pozemok s jedin\u00fdm susedom, v tichej lokalite s ve\u013emi dobr\u00fdmi susedsk\u00fdmi vz\u0165ahmi a n\u00e1dhernou okolitou pr\u00edrodou.<\/p>\n<p>Nach\u00e1dza sa tu obecn\u00fd \u00farad, matersk\u00e1 a z\u00e1kladn\u00e1 \u0161kola, potraviny, kult\u00farny dom, \u0161portovisk\u00e1 a futbalov\u00e9 ihrisko. V okol\u00ed s\u00fa potoky, rybn\u00edk, chr\u00e1nen\u00e1 lokalita Kriv\u00e9 hrabiny a mo\u017enosti turistiky \u010di cyklotr\u00e1s.<br \/>\nObec \u010cechy sa nach\u00e1dza 9 km od Podh\u00e1jskej, 13 km od Dvorov nad \u017ditavou, 22,5 km od Nov\u00fdch Z\u00e1mkov, 31 km od \u0160urian, 34 km od Komo\u010de, 40 km od Lev\u00edc, 40 km od Vr\u00e1be\u013e a 58 km od Nitry. V okol\u00ed sa nach\u00e1dzaj\u00fa term\u00e1lne k\u00fapalisk\u00e1 Nov\u00e9 Z\u00e1mky, Podh\u00e1jska a Santovka.<\/p>\n<p>Cena pozemku je 26 000\u20ac.<\/p>\n","protected":false},"excerpt":{"rendered":"<p>Reality na k\u013e\u00fa\u010d V\u00e1m iba u n\u00e1s pon\u00faka na predaj ve\u013ek\u00fd stavebn\u00fd pozemok v obci Semerovo. Pozemok m\u00e1 rozlohu 1 200 m\u00b2, pri\u010dom \u0161\u00edrka sa pohybuje od 18 do 20 metrov a d\u013a\u017eka od 65 do 75 metrov. Vedie k nemu asfaltov\u00e1 pr\u00edjazdov\u00e1 cesta a pri pozemku sa nach\u00e1dzaj\u00fa in\u017einierske siete \u2013 elektrina, plyn a [&hellip;]<\/p>\n","protected":false},"featured_media":2935,"comment_status":"closed","ping_status":"closed","template":"","meta":{"_acf_changed":false},"pa_colors":[],"pa_sizes":[],"product_brand":[],"product_cat":[15],"product_tag":[],"class_list":{"0":"post-2932","1":"product","2":"type-product","3":"status-publish","4":"has-post-thumbnail","6":"product_cat-uncategorized","8":"first","9":"instock","10":"featured","11":"taxable","12":"shipping-taxable","13":"purchasable","14":"product-type-simple"},"acf":[],"_links":{"self":[{"href":"https:\/\/www.patrikvajda.sk\/index.php?rest_route=\/wp\/v2\/product\/2932","targetHints":{"allow":["GET"]}}],"collection":[{"href":"https:\/\/www.patrikvajda.sk\/index.php?rest_route=\/wp\/v2\/product"}],"about":[{"href":"https:\/\/www.patrikvajda.sk\/index.php?rest_route=\/wp\/v2\/types\/product"}],"replies":[{"embeddable":true,"href":"https:\/\/www.patrikvajda.sk\/index.php?rest_route=%2Fwp%2Fv2%2Fcomments&post=2932"}],"wp:featuredmedia":[{"embeddable":true,"href":"https:\/\/www.patrikvajda.sk\/index.php?rest_route=\/wp\/v2\/media\/2935"}],"wp:attachment":[{"href":"https:\/\/www.patrikvajda.sk\/index.php?rest_route=%2Fwp%2Fv2%2Fmedia&parent=2932"}],"wp:term":[{"taxonomy":"pa_color","embeddable":true,"href":"https:\/\/www.patrikvajda.sk\/index.php?rest_route=%2Fwp%2Fv2%2Fpa_colors&post=2932"},{"taxonomy":"pa_size","embeddable":true,"href":"https:\/\/www.patrikvajda.sk\/index.php?rest_route=%2Fwp%2Fv2%2Fpa_sizes&post=2932"},{"taxonomy":"product_brand","embeddable":true,"href":"https:\/\/www.patrikvajda.sk\/index.php?rest_route=%2Fwp%2Fv2%2Fproduct_brand&post=2932"},{"taxonomy":"product_cat","embeddable":true,"href":"https:\/\/www.patrikvajda.sk\/index.php?rest_route=%2Fwp%2Fv2%2Fproduct_cat&post=2932"},{"taxonomy":"product_tag","embeddable":true,"href":"https:\/\/www.patrikvajda.sk\/index.php?rest_route=%2Fwp%2Fv2%2Fproduct_tag&post=2932"}],"curies":[{"name":"wp","href":"https:\/\/api.w.org\/{rel}","templated":true}]}}