{"id":2938,"date":"2025-08-19T13:51:02","date_gmt":"2025-08-19T13:51:02","guid":{"rendered":"https:\/\/www.patrikvajda.sk\/?post_type=product&#038;p=2938"},"modified":"2025-08-28T16:04:49","modified_gmt":"2025-08-28T16:04:49","slug":"kancelaria-v-centre-mesta-v-novych-zamkoch","status":"publish","type":"product","link":"https:\/\/www.patrikvajda.sk\/?product=kancelaria-v-centre-mesta-v-novych-zamkoch","title":{"rendered":"Kancel\u00e1ria v centre mesta v Nov\u00fdch Z\u00e1mkoch"},"content":{"rendered":"<p>Reality na k\u013e\u00fa\u010d V\u00e1m pon\u00faka na pren\u00e1jom moderne zariaden\u00fa kancel\u00e1riu v centre mesta v Nov\u00fdch Z\u00e1mkoch.<\/p>\n<p>Kancel\u00e1rske a podnikate\u013esk\u00e9 priestory<br \/>\nPodlahov\u00e1 plocha je 25m2. Priestory s\u00fa ide\u00e1lne na kancel\u00e1rske a podnikate\u013esk\u00e9 \u00fa\u010dely. Priestory boli zrekon\u0161truovan\u00e9 a s\u00fa vybaven\u00e9: modern\u00fd kancel\u00e1rsky n\u00e1bytok (na fotografi\u00e1ch), balk\u00f3nom, dla\u017ebou, klimatiz\u00e1ciou a \u017eal\u00faziami. Na chodbe sa nach\u00e1dza soci\u00e1lne zariadenie.<\/p>\n<p>V\u00fdhody<br \/>\n\u2022 moderne zariaden\u00e1 kancel\u00e1ria<br \/>\n\u2022 centrum mesta<br \/>\n\u2022 klimatiz\u00e1cia<\/p>\n<p>Lokalita<br \/>\nLokalita v centre mesta, ktor\u00e1 sa vyzna\u010duje bohatou ob\u010dianskou vybavenos\u0165ou: mestsk\u00fd \u00farad, po\u0161ta, banky, kni\u017enica, lek\u00e1re\u0148, obchody, kostol, n\u00e1mestie, zdravotn\u00edcke stredisko, obchody, kaviarne, re\u0161taur\u00e1cie, cukr\u00e1rne a da\u0148ov\u00fd \u00farad.<\/p>\n<p>Cena<br \/>\nCena n\u00e1jomn\u00e9ho s energiami je 300\u20ac.<\/p>\n","protected":false},"excerpt":{"rendered":"<p>Reality na k\u013e\u00fa\u010d V\u00e1m pon\u00faka na pren\u00e1jom moderne zariaden\u00fa kancel\u00e1riu v centre mesta v Nov\u00fdch Z\u00e1mkoch. Kancel\u00e1rske a podnikate\u013esk\u00e9 priestory Podlahov\u00e1 plocha je 25m2. Priestory s\u00fa ide\u00e1lne na kancel\u00e1rske a podnikate\u013esk\u00e9 \u00fa\u010dely. Priestory boli zrekon\u0161truovan\u00e9 a s\u00fa vybaven\u00e9: modern\u00fd kancel\u00e1rsky n\u00e1bytok (na fotografi\u00e1ch), balk\u00f3nom, dla\u017ebou, klimatiz\u00e1ciou a \u017eal\u00faziami. Na chodbe sa nach\u00e1dza soci\u00e1lne zariadenie. V\u00fdhody [&hellip;]<\/p>\n","protected":false},"featured_media":2939,"comment_status":"closed","ping_status":"closed","template":"","meta":{"_acf_changed":false},"pa_colors":[],"pa_sizes":[],"product_brand":[],"product_cat":[15],"product_tag":[],"class_list":{"0":"post-2938","1":"product","2":"type-product","3":"status-publish","4":"has-post-thumbnail","6":"product_cat-uncategorized","8":"first","9":"instock","10":"taxable","11":"shipping-taxable","12":"purchasable","13":"product-type-simple"},"acf":[],"_links":{"self":[{"href":"https:\/\/www.patrikvajda.sk\/index.php?rest_route=\/wp\/v2\/product\/2938","targetHints":{"allow":["GET"]}}],"collection":[{"href":"https:\/\/www.patrikvajda.sk\/index.php?rest_route=\/wp\/v2\/product"}],"about":[{"href":"https:\/\/www.patrikvajda.sk\/index.php?rest_route=\/wp\/v2\/types\/product"}],"replies":[{"embeddable":true,"href":"https:\/\/www.patrikvajda.sk\/index.php?rest_route=%2Fwp%2Fv2%2Fcomments&post=2938"}],"wp:featuredmedia":[{"embeddable":true,"href":"https:\/\/www.patrikvajda.sk\/index.php?rest_route=\/wp\/v2\/media\/2939"}],"wp:attachment":[{"href":"https:\/\/www.patrikvajda.sk\/index.php?rest_route=%2Fwp%2Fv2%2Fmedia&parent=2938"}],"wp:term":[{"taxonomy":"pa_color","embeddable":true,"href":"https:\/\/www.patrikvajda.sk\/index.php?rest_route=%2Fwp%2Fv2%2Fpa_colors&post=2938"},{"taxonomy":"pa_size","embeddable":true,"href":"https:\/\/www.patrikvajda.sk\/index.php?rest_route=%2Fwp%2Fv2%2Fpa_sizes&post=2938"},{"taxonomy":"product_brand","embeddable":true,"href":"https:\/\/www.patrikvajda.sk\/index.php?rest_route=%2Fwp%2Fv2%2Fproduct_brand&post=2938"},{"taxonomy":"product_cat","embeddable":true,"href":"https:\/\/www.patrikvajda.sk\/index.php?rest_route=%2Fwp%2Fv2%2Fproduct_cat&post=2938"},{"taxonomy":"product_tag","embeddable":true,"href":"https:\/\/www.patrikvajda.sk\/index.php?rest_route=%2Fwp%2Fv2%2Fproduct_tag&post=2938"}],"curies":[{"name":"wp","href":"https:\/\/api.w.org\/{rel}","templated":true}]}}