{"id":2946,"date":"2025-08-19T13:54:47","date_gmt":"2025-08-19T13:54:47","guid":{"rendered":"https:\/\/www.patrikvajda.sk\/?post_type=product&#038;p=2946"},"modified":"2025-08-28T17:11:22","modified_gmt":"2025-08-28T17:11:22","slug":"chata-s-vinohradom-v-obci-travnica","status":"publish","type":"product","link":"https:\/\/www.patrikvajda.sk\/?product=chata-s-vinohradom-v-obci-travnica","title":{"rendered":"Chata s vinohradom v obci Tr\u00e1vnica"},"content":{"rendered":"<p>Reality na k\u013e\u00fa\u010d V\u00e1m pon\u00faka na predaj kr\u00e1snu zariaden\u00fa chatu s vinohradom v obci Tr\u00e1vnica.<\/p>\n<p>Chata<br \/>\nZastavan\u00e1 plocha chaty je 86m2. Chatka je murovan\u00e1 a zateplen\u00e1 polystyr\u00e9nom. Stre\u0161n\u00e1 krytina je plech. Okn\u00e1 s\u00fa dreven\u00e9 dvoj-sklo so sie\u0165kami. V chate boli menen\u00e9: dreven\u00e9 parkety, dla\u017eba, dreven\u00e9 okn\u00e1 so sie\u0165kami, kuchynsk\u00e1 linka ( plynov\u00fd spor\u00e1k a elektrick\u00e1 r\u00fara). K\u00farenie chaty je zabezpe\u010den\u00e9 krbom, ktor\u00fd disponuje prieduchmi do ostatn\u00fdch izieb a podlahov\u00fdm k\u00faren\u00edm v ob\u00fdvacej miestnosti a k\u00fape\u013eni. Kapacita chaty je 12 l\u00f4\u017eok a vo ved\u013eaj\u0161ej miestnosti s\u00fa 4 l\u00f4\u017eka. Chata sa pred\u00e1va tak ako je na fotografi\u00e1ch. Ohrev vody je zabezpe\u010den\u00fd elektrick\u00fdm bojlerom. Investi\u010dn\u00e1 pr\u00edle\u017eitos\u0165 pren\u00e1jmu chaty, mo\u017enos\u0165 prenaj\u00edma\u0165 cel\u00fa chatu alebo polovicu chaty.<\/p>\n<p>Dispoz\u00edcia<br \/>\nChata pozost\u00e1va z: kuchyne, ob\u00fdvacej miestnosti, \u0161pajze, 2 k\u00fape\u013en\u00ed spojen\u00fdch s toaletou, balk\u00f3nu, povaly, pivnice, troch izieb na poschod\u00ed, ved\u013eaj\u0161ej miestnosti s 1 izbou.<\/p>\n<p>Pozemok<br \/>\nPozemok m\u00e1 rozlohu 2 627m2. Na pozemku sa nach\u00e1dza chata, ved\u013eaj\u0161ia miestnos\u0165, ve\u013ek\u00fd alt\u00e1nok a vinohrad. In\u017einierske siete na pozemku: elektrina, voda a \u017eumpa. Z ovocn\u00fdch stromov sa na pozemku nach\u00e1dzaj\u00fa hru\u0161ky, jablk\u00e1, \u010dere\u0161ne, slivky, broskyne a marhule.<\/p>\n<p>V\u00fdhody<br \/>\n\u2022 5 min\u00fat autom od term\u00e1lneho k\u00fapaliska Podh\u00e1jska<br \/>\n\u2022 lokalita ide\u00e1lna na vonkaj\u0161ie grilovanie, relax,&#8230;<br \/>\n\u2022 kr\u00e1sne prostredie<br \/>\n\u2022 vinohrad<br \/>\n\u2022 investi\u010dn\u00e1 mo\u017enos\u0165 \u2013 mo\u017enos\u0165 chaty na pren\u00e1jom<\/p>\n<p>Cena<br \/>\nCena chaty s vinohradom je 129 000\u20ac.<\/p>\n","protected":false},"excerpt":{"rendered":"<p>Reality na k\u013e\u00fa\u010d V\u00e1m pon\u00faka na predaj kr\u00e1snu zariaden\u00fa chatu s vinohradom v obci Tr\u00e1vnica. Chata Zastavan\u00e1 plocha chaty je 86m2. Chatka je murovan\u00e1 a zateplen\u00e1 polystyr\u00e9nom. Stre\u0161n\u00e1 krytina je plech. Okn\u00e1 s\u00fa dreven\u00e9 dvoj-sklo so sie\u0165kami. V chate boli menen\u00e9: dreven\u00e9 parkety, dla\u017eba, dreven\u00e9 okn\u00e1 so sie\u0165kami, kuchynsk\u00e1 linka ( plynov\u00fd spor\u00e1k a elektrick\u00e1 [&hellip;]<\/p>\n","protected":false},"featured_media":2947,"comment_status":"closed","ping_status":"closed","template":"","meta":{"_acf_changed":false},"pa_colors":[],"pa_sizes":[],"product_brand":[],"product_cat":[15],"product_tag":[],"class_list":{"0":"post-2946","1":"product","2":"type-product","3":"status-publish","4":"has-post-thumbnail","6":"product_cat-uncategorized","8":"first","9":"instock","10":"featured","11":"taxable","12":"shipping-taxable","13":"purchasable","14":"product-type-simple"},"acf":[],"_links":{"self":[{"href":"https:\/\/www.patrikvajda.sk\/index.php?rest_route=\/wp\/v2\/product\/2946","targetHints":{"allow":["GET"]}}],"collection":[{"href":"https:\/\/www.patrikvajda.sk\/index.php?rest_route=\/wp\/v2\/product"}],"about":[{"href":"https:\/\/www.patrikvajda.sk\/index.php?rest_route=\/wp\/v2\/types\/product"}],"replies":[{"embeddable":true,"href":"https:\/\/www.patrikvajda.sk\/index.php?rest_route=%2Fwp%2Fv2%2Fcomments&post=2946"}],"wp:featuredmedia":[{"embeddable":true,"href":"https:\/\/www.patrikvajda.sk\/index.php?rest_route=\/wp\/v2\/media\/2947"}],"wp:attachment":[{"href":"https:\/\/www.patrikvajda.sk\/index.php?rest_route=%2Fwp%2Fv2%2Fmedia&parent=2946"}],"wp:term":[{"taxonomy":"pa_color","embeddable":true,"href":"https:\/\/www.patrikvajda.sk\/index.php?rest_route=%2Fwp%2Fv2%2Fpa_colors&post=2946"},{"taxonomy":"pa_size","embeddable":true,"href":"https:\/\/www.patrikvajda.sk\/index.php?rest_route=%2Fwp%2Fv2%2Fpa_sizes&post=2946"},{"taxonomy":"product_brand","embeddable":true,"href":"https:\/\/www.patrikvajda.sk\/index.php?rest_route=%2Fwp%2Fv2%2Fproduct_brand&post=2946"},{"taxonomy":"product_cat","embeddable":true,"href":"https:\/\/www.patrikvajda.sk\/index.php?rest_route=%2Fwp%2Fv2%2Fproduct_cat&post=2946"},{"taxonomy":"product_tag","embeddable":true,"href":"https:\/\/www.patrikvajda.sk\/index.php?rest_route=%2Fwp%2Fv2%2Fproduct_tag&post=2946"}],"curies":[{"name":"wp","href":"https:\/\/api.w.org\/{rel}","templated":true}]}}