{"id":43,"date":"2019-04-19T10:35:47","date_gmt":"2019-04-19T10:35:47","guid":{"rendered":"http:\/\/www.patrikvajda.sk\/?p=43"},"modified":"2025-08-12T16:01:34","modified_gmt":"2025-08-12T16:01:34","slug":"basic-bobble-hat","status":"publish","type":"product","link":"https:\/\/www.patrikvajda.sk\/?product=basic-bobble-hat","title":{"rendered":"Basic Bobble Hat"},"content":{"rendered":"<p>R\u00e1no som vstal ve\u013emi skoro, preto\u017ee som chcel stihn\u00fa\u0165 prech\u00e1dzku lesom predt\u00fdm, ne\u017e za\u010dne pr\u0161a\u0165. Vzal som si batoh, obul si top\u00e1nky, obliekol bundu a vyrazil. Vt\u00e1ky spievali, stromy \u0161umeli a v\u0161etko bolo pokojn\u00e9.<\/p>\n","protected":false},"excerpt":{"rendered":"<p>R\u00e1no som vstal ve\u013emi skoro, preto\u017ee som chcel stihn\u00fa\u0165 prech\u00e1dzku lesom predt\u00fdm, ne\u017e za\u010dne pr\u0161a\u0165. Vzal som si batoh, obul si top\u00e1nky, obliekol bundu a vyrazil. Vt\u00e1ky spievali, stromy \u0161umeli a v\u0161etko bolo pokojn\u00e9.<\/p>\n","protected":false},"featured_media":2082,"comment_status":"closed","ping_status":"closed","template":"","meta":{"_acf_changed":false},"pa_colors":[],"pa_sizes":[],"product_brand":[],"product_cat":[19],"product_tag":[],"class_list":{"0":"post-43","1":"product","2":"type-product","3":"status-publish","4":"has-post-thumbnail","6":"product_cat-rekreacne","8":"first","9":"instock","10":"taxable","11":"shipping-taxable","12":"purchasable","13":"product-type-simple"},"acf":[],"_links":{"self":[{"href":"https:\/\/www.patrikvajda.sk\/index.php?rest_route=\/wp\/v2\/product\/43","targetHints":{"allow":["GET"]}}],"collection":[{"href":"https:\/\/www.patrikvajda.sk\/index.php?rest_route=\/wp\/v2\/product"}],"about":[{"href":"https:\/\/www.patrikvajda.sk\/index.php?rest_route=\/wp\/v2\/types\/product"}],"replies":[{"embeddable":true,"href":"https:\/\/www.patrikvajda.sk\/index.php?rest_route=%2Fwp%2Fv2%2Fcomments&post=43"}],"wp:featuredmedia":[{"embeddable":true,"href":"https:\/\/www.patrikvajda.sk\/index.php?rest_route=\/wp\/v2\/media\/2082"}],"wp:attachment":[{"href":"https:\/\/www.patrikvajda.sk\/index.php?rest_route=%2Fwp%2Fv2%2Fmedia&parent=43"}],"wp:term":[{"taxonomy":"pa_color","embeddable":true,"href":"https:\/\/www.patrikvajda.sk\/index.php?rest_route=%2Fwp%2Fv2%2Fpa_colors&post=43"},{"taxonomy":"pa_size","embeddable":true,"href":"https:\/\/www.patrikvajda.sk\/index.php?rest_route=%2Fwp%2Fv2%2Fpa_sizes&post=43"},{"taxonomy":"product_brand","embeddable":true,"href":"https:\/\/www.patrikvajda.sk\/index.php?rest_route=%2Fwp%2Fv2%2Fproduct_brand&post=43"},{"taxonomy":"product_cat","embeddable":true,"href":"https:\/\/www.patrikvajda.sk\/index.php?rest_route=%2Fwp%2Fv2%2Fproduct_cat&post=43"},{"taxonomy":"product_tag","embeddable":true,"href":"https:\/\/www.patrikvajda.sk\/index.php?rest_route=%2Fwp%2Fv2%2Fproduct_tag&post=43"}],"curies":[{"name":"wp","href":"https:\/\/api.w.org\/{rel}","templated":true}]}}